{"id":1920,"date":"2019-10-25T17:49:28","date_gmt":"2019-10-25T17:49:28","guid":{"rendered":"https:\/\/dev.praca.nowiny.pl\/news\/?page_id=1920"},"modified":"2019-11-26T23:22:18","modified_gmt":"2019-11-26T23:22:18","slug":"pytania-i-odpowiedzi_pracownik","status":"publish","type":"page","link":"https:\/\/praca.nowiny.pl\/news\/pytania-i-odpowiedzi_pracownik\/","title":{"rendered":"Pytania i odpowiedzi_pracownik"},"content":{"rendered":"<p>[et_pb_section fb_built=&#8221;1&#8243; fullwidth=&#8221;on&#8221; _builder_version=&#8221;3.29.3&#8243; global_module=&#8221;2094&#8243; fb_built=&#8221;1&#8243; _i=&#8221;0&#8243; _address=&#8221;0&#8243;][et_pb_fullwidth_header title=&#8221;Aplikuj z nami!&#8221; text_orientation=&#8221;center&#8221; admin_label=&#8221;Hero Section&#8221; _builder_version=&#8221;3.29.3&#8243; title_font=&#8221;|700|||||||&#8221; title_text_align=&#8221;center&#8221; title_font_size=&#8221;50px&#8221; title_line_height=&#8221;1.2em&#8221; content_text_align=&#8221;center&#8221; content_font_size=&#8221;22px&#8221; content_line_height=&#8221;1.8em&#8221; subhead_font=&#8221;||||||||&#8221; subhead_text_align=&#8221;center&#8221; background_color=&#8221;#01346B&#8221; custom_button_one=&#8221;on&#8221; button_one_text_size=&#8221;16px&#8221; button_one_bg_color=&#8221;#6eba01&#8243; button_one_border_width=&#8221;2px&#8221; button_one_border_color=&#8221;#6eba01&#8243; button_one_border_radius=&#8221;0&#8243; button_one_letter_spacing=&#8221;2&#8243; button_one_font=&#8221;Montserrat|||on|&#8221; button_one_use_icon=&#8221;off&#8221; custom_button_two=&#8221;on&#8221; button_two_text_size=&#8221;16px&#8221; button_two_border_width=&#8221;2px&#8221; button_two_border_color=&#8221;#ffffff&#8221; button_two_border_radius=&#8221;0&#8243; button_two_letter_spacing=&#8221;2&#8243; button_two_font=&#8221;Montserrat|||on|&#8221; button_two_use_icon=&#8221;off&#8221; module_alignment=&#8221;left&#8221; animation_style=&#8221;fade&#8221; button_one_text_color_hover=&#8221;#6eba01&#8243; button_two_text_color_hover=&#8221;#6eba01&#8243; button_one_border_color_hover=&#8221;#ffffff&#8221; button_two_border_color_hover=&#8221;#ffffff&#8221; button_one_border_radius_hover=&#8221;0&#8243; button_two_border_radius_hover=&#8221;0&#8243; button_one_letter_spacing_hover=&#8221;2&#8243; button_two_letter_spacing_hover=&#8221;2&#8243; button_one_bg_color_hover=&#8221;#ffffff&#8221; button_two_bg_color_hover=&#8221;#ffffff&#8221; _i=&#8221;0&#8243; _address=&#8221;0.0&#8243; button_one_text_size__hover_enabled=&#8221;off&#8221; button_two_text_size__hover_enabled=&#8221;off&#8221; button_one_text_color__hover_enabled=&#8221;on&#8221; button_one_text_color__hover=&#8221;#6eba01&#8243; button_two_text_color__hover_enabled=&#8221;on&#8221; button_two_text_color__hover=&#8221;#6eba01&#8243; button_one_border_width__hover_enabled=&#8221;off&#8221; button_two_border_width__hover_enabled=&#8221;off&#8221; button_one_border_color__hover_enabled=&#8221;on&#8221; button_one_border_color__hover=&#8221;#ffffff&#8221; button_two_border_color__hover_enabled=&#8221;on&#8221; button_two_border_color__hover=&#8221;#ffffff&#8221; button_one_border_radius__hover_enabled=&#8221;on&#8221; button_one_border_radius__hover=&#8221;0&#8243; button_two_border_radius__hover_enabled=&#8221;on&#8221; button_two_border_radius__hover=&#8221;0&#8243; button_one_letter_spacing__hover_enabled=&#8221;on&#8221; button_one_letter_spacing__hover=&#8221;2&#8243; button_two_letter_spacing__hover_enabled=&#8221;on&#8221; button_two_letter_spacing__hover=&#8221;2&#8243; button_one_bg_color__hover_enabled=&#8221;on&#8221; button_one_bg_color__hover=&#8221;#ffffff&#8221; button_two_bg_color__hover_enabled=&#8221;on&#8221; button_two_bg_color__hover=&#8221;#ffffff&#8221;]<\/p>\n<p>\u00a0<span style=\"font-size: 22px;\">Masz pytania?<\/span><\/p>\n<p>Tutaj znajdziesz odpowiedzi.<\/p>\n<p>[\/et_pb_fullwidth_header][\/et_pb_section][et_pb_section fb_built=&#8221;1&#8243; admin_label=&#8221;FAQ&#8221; _builder_version=&#8221;3.22&#8243; custom_margin=&#8221;-30px||-11px|||&#8221; custom_padding=&#8221;0px|0px|23px|0px||&#8221; fb_built=&#8221;1&#8243; _i=&#8221;1&#8243; _address=&#8221;1&#8243;][et_pb_row _builder_version=&#8221;3.29.3&#8243; custom_margin=&#8221;83px|auto||auto||&#8221; global_module=&#8221;1925&#8243; _i=&#8221;0&#8243; _address=&#8221;1.0&#8243;][et_pb_column type=&#8221;4_4&#8243; _builder_version=&#8221;3.29.3&#8243; hover_enabled=&#8221;0&#8243; _i=&#8221;0&#8243; _address=&#8221;1.0.0&#8243;][et_pb_accordion _builder_version=&#8221;3.29.3&#8243; hover_enabled=&#8221;0&#8243; _i=&#8221;0&#8243; _address=&#8221;1.0.0.0&#8243;][et_pb_accordion_item title=&#8221;Dlaczego mam si\u0119 rejestrowa\u0107 w serwisie?&#8221; _builder_version=&#8221;3.29.3&#8243; _i=&#8221;0&#8243; _address=&#8221;1.0.0.0.0&#8243; open=&#8221;off&#8221;]<\/p>\n<p>Jest to niezb\u0119dne aby\u015b m\u00f3g\u0142 w pe\u0142ni korzysta\u0107 z zasob\u00f3w serwisu praca.nowiny.pl. Tylko zarejestrowani u\u017cytkownicy maj\u0105 mo\u017cliwo\u015b\u0107 aplikowania na zamieszczone w serwisie oferty pracy. Rejestracja jest bardzo \u0142atwa i bezpieczna. Bez rejestracji mo\u017cesz swobodnie przegl\u0105da\u0107 zamieszczone w serwisie oferty pracy.<\/p>\n<p>[\/et_pb_accordion_item][et_pb_accordion_item title=&#8221;Jak si\u0119 zarejestrowa\u0107?&#8221; _builder_version=&#8221;3.29.3&#8243; _i=&#8221;1&#8243; _address=&#8221;1.0.0.0.1&#8243; open=&#8221;off&#8221;]<\/p>\n<p>W celu zarejestrowania nowego konta u\u017cytkownika musisz wype\u0142ni\u0107 odpowiedni formularz dla \u00a0os\u00f3b prywatnych. Formularz rejestracyjny dla osoby prywatnej znajdziesz po klikni\u0119ciu linku Zaloguj lub Za\u0142\u00f3\u017c konto w stopce strony w dziale Pracownik. UWAGA! Wybierz typ konta \u2013 \u201eJestem kandydatem przegl\u0105daj\u0105cym oferty pracy\u201d. \u00a0Je\u015bli poprawnie wype\u0142ni\u0142e\u015b zg\u0142oszenie kliknij &#8222;rejestruj&#8221; nast\u0119pnie otrzymasz od nas e-mail na podany w formularzu adres poczty elektronicznej z pro\u015bb\u0105 o potwierdzenie rejestracji konta. W celu potwierdzenia kliknij w link znajduj\u0105cy si\u0119 w tre\u015bci e-maila, od tej chwili b\u0119dziesz zarejestrowanym u\u017cytkownikiem serwisu praca.nowiny.pl i b\u0119dziesz m\u00f3g\u0142 aplikowa\u0107 na wybrane og\u0142oszenia.<\/p>\n<p>[\/et_pb_accordion_item][et_pb_accordion_item title=&#8221;Jak zmieni\u0107 has\u0142o do mojego konta?&#8221; _builder_version=&#8221;3.29.3&#8243; _i=&#8221;2&#8243; _address=&#8221;1.0.0.0.2&#8243; open=&#8221;off&#8221;]<\/p>\n<p>Je\u015bli zdecydujesz, \u017ce chcesz zmieni\u0107 has\u0142o do swojego konta w praca.nowiny.pl wystarczy jak zalogujesz si\u0119 i wybierzesz opcj\u0119 &#8222;zmiana has\u0142a&#8221; dost\u0119pn\u0105 w linku Moje konto. Nast\u0119pnie podaj nowe has\u0142o i ponownie powt\u00f3rz je w celu unikni\u0119cia b\u0142\u0119du, kliknij &#8222;zapisz&#8221; od tego momentu nowe has\u0142o jest aktywne.<\/p>\n<p>[\/et_pb_accordion_item][et_pb_accordion_item title=&#8221;Jak zmieni\u0107 moje dane?&#8221; _builder_version=&#8221;3.29.3&#8243; _i=&#8221;3&#8243; _address=&#8221;1.0.0.0.3&#8243; open=&#8221;off&#8221;]<\/p>\n<p>Wszelkie dane jakie wprowadzi\u0142e\u015b w ramach swojego konta mo\u017cesz w ka\u017cdej chwili modyfikowa\u0107. Po zalogowaniu do konta w praca.nowiny.pl i wybraniu zak\u0142adki &#8222;Moje dane&#8221; masz mo\u017cliwo\u015b\u0107 wprowadzenia zmian. Ka\u017cda zmiana danych wymaga klikni\u0119cia w &#8222;zapisz&#8221;.<\/p>\n<p>[\/et_pb_accordion_item][et_pb_accordion_item title=&#8221;Zapomnia\u0142em has\u0142a, co mam zrobi\u0107?&#8221; _builder_version=&#8221;3.29.3&#8243; _i=&#8221;4&#8243; _address=&#8221;1.0.0.0.4&#8243; open=&#8221;off&#8221;]<\/p>\n<p>Je\u015bli zapomnia\u0142e\u015b has\u0142a do swojego konta, wystarczy \u017ce skorzystasz z opcji &#8222;przypomnienie has\u0142a&#8221; dost\u0119pnego na stronie logowania. W formularzu podaj sw\u00f3j adres e-mail i kliknij &#8222;wy\u015blij has\u0142o&#8221; nasz system wy\u015ble na zarejestrowany adres has\u0142o do Twojego konta.<\/p>\n<p>[\/et_pb_accordion_item][et_pb_accordion_item title=&#8221;Jak wyszuka\u0107 interesuj\u0105ce mnie og\u0142oszenia?&#8221; _builder_version=&#8221;3.29.3&#8243; _i=&#8221;5&#8243; _address=&#8221;1.0.0.0.5&#8243; open=&#8221;off&#8221;]<\/p>\n<p>Wystarczy skorzysta\u0107 z wyszukiwarki. Wybierz region oraz interesuj\u0105c\u0105 Ci\u0119 kategori\u0119 i opcjonalnie zasi\u0119g, nast\u0119pnie kliknij w &#8222;szukaj ofert&#8221; aby wy\u015bwietli\u0107 w\u0142a\u015bciwe oferty.<\/p>\n<p>[\/et_pb_accordion_item][et_pb_accordion_item title=&#8221;Jak aplikowa\u0107 na konkretne og\u0142oszenie?&#8221; _builder_version=&#8221;3.29.3&#8243; _i=&#8221;6&#8243; _address=&#8221;1.0.0.0.6&#8243; open=&#8221;off&#8221;]<\/p>\n<p>Aplikowa\u0107 na og\u0142oszenie mog\u0105 tylko zarejestrowani i zalogowani u\u017cytkownicy serwisu praca.nowiny,pl. Je\u015bli chcesz wys\u0142a\u0107 swoje CV i aplikowa\u0107 na konkretn\u0105 ofert\u0119 pracy wystarczy klikn\u0105\u0107 przycisk \u201eAplikuj\u201d. Po otwarciu formularza do aplikowania wystarczy za\u0142\u0105czy\u0107 i wys\u0142a\u0107 plik CV. Mo\u017cesz r\u00f3wnie\u017c edytowa\u0107 pole tekstowe i zmieni\u0107 tre\u015b\u0107 proponowanej przez nas wiadomo\u015bci do pracodawcy.<\/p>\n<p>[\/et_pb_accordion_item][et_pb_accordion_item title=&#8221;Co dzieje si\u0119 z moim CV po aplikowaniu?&#8221; _builder_version=&#8221;3.29.3&#8243; _i=&#8221;7&#8243; _address=&#8221;1.0.0.0.7&#8243; open=&#8221;off&#8221;]<\/p>\n<p>Twoje CV zostanie wys\u0142ane bezpo\u015brednio do pracodawcy, kt\u00f3ry zamie\u015bci\u0142 og\u0142oszenie.\u00a0 Je\u015bli pracodawca b\u0119dzie zainteresowany Twoj\u0105 kandydatur\u0105 z pewno\u015bci\u0105 skontaktuje si\u0119 z Tob\u0105 w celu dalszego procesu rekrutacyjnego.<\/p>\n<p>[\/et_pb_accordion_item][et_pb_accordion_item title=&#8221;Gdzie mog\u0119 przegl\u0105da\u0107 z\u0142o\u017cone przeze mnie aplikacje?&#8221; _builder_version=&#8221;3.29.3&#8243; _i=&#8221;8&#8243; _address=&#8221;1.0.0.0.8&#8243; open=&#8221;off&#8221;]<\/p>\n<p>W tym celu wystarczy si\u0119 zalogowa\u0107 na swoje konto, i klikn\u0105\u0107 dzia\u0142 \u201eMoje aplikacje\u201d. B\u0119d\u0105 tam zamieszczone linki do wszystkich og\u0142osze\u0144 na kt\u00f3re aplikowa\u0142e\u015b poprzez nasz serwis.<\/p>\n<p>[\/et_pb_accordion_item][et_pb_accordion_item title=&#8221;Co oznacza dzia\u0142 \u201eZapisane oferty\u201d na moim koncie?&#8221; _builder_version=&#8221;3.29.3&#8243; _i=&#8221;9&#8243; _address=&#8221;1.0.0.0.9&#8243; open=&#8221;off&#8221;]<\/p>\n<p>Na Twoim koncie w\u00a0 dziale \u201eZapisane oferty\u201d\u00a0 mo\u017cesz zapisa\u0107 wszystkie oferty, kt\u00f3re Ci\u0119 interesuj\u0105, by je obserwowa\u0107. W tym celu w konkretnym og\u0142oszeniu zamieszczonym w serwisie wystarczy klikn\u0105\u0107 \u201egwiazdk\u0119\u201d. Dzi\u0119ki temu wybrane przez Ciebie og\u0142oszenie zapisze si\u0119 w dziale \u201eZapisane oferty\u201d i po zalogowaniu na konto b\u0119dzie m\u00f3g\u0142 je przegl\u0105da\u0107.<\/p>\n<p>[\/et_pb_accordion_item][et_pb_accordion_item title=&#8221;Dlaczego niekt\u00f3re og\u0142oszenia w serwisie nie maj\u0105 przycisku Aplikuj?&#8221; _builder_version=&#8221;3.29.3&#8243; hover_enabled=&#8221;0&#8243; open=&#8221;on&#8221;]<\/p>\n<p>To og\u0142oszenia z Powiatowych Urz\u0119d\u00f3w Pracy. Na ten rodzaj og\u0142osze\u0144 aplikuj za po\u015brednictwem wybranego PUP lub bezpo\u015brednio z firm\u0105, kt\u00f3ra poszukuje pracownika. W og\u0142oszeniu znajdziesz informacj\u0119 o sugerowanym sposobie kontaktu i rekrutacji.<\/p>\n<p>[\/et_pb_accordion_item][et_pb_accordion_item title=&#8221;Czy mog\u0119 zamie\u015bci\u0107 w praca.nowiny.pl swoje CV, a serwis przy\u015ble mi pasuj\u0105ce do moich wymaga\u0144 oferty pracy?&#8221; open=&#8221;off&#8221; _builder_version=&#8221;3.29.3&#8243; _i=&#8221;10&#8243; _address=&#8221;1.0.0.0.10&#8243;]<\/p>\n<p>Mo\u017cesz aplikowa\u0107 na wybrane przez Ciebie oferty pracy klikaj\u0105c przycisk &#8222;Aplikuj&#8221;. Natomiast serwis nie ma mo\u017cliwo\u015bci wysy\u0142ania Ci pasuj\u0105cych ofert pracy\u00a0 do Twojego CV. Ale b\u0105d\u017a pewien, \u017ce w nied\u0142ugim czasie uruchomimy tak\u0105 mo\u017cliwo\u015b\u0107.<\/p>\n<p>[\/et_pb_accordion_item][\/et_pb_accordion][\/et_pb_column][\/et_pb_row][\/et_pb_section][et_pb_section fb_built=&#8221;1&#8243; admin_label=&#8221;Footer&#8221; _builder_version=&#8221;3.22&#8243; background_image=&#8221;https:\/\/praca.nowiny.pl\/news\/wp-content\/uploads\/2019\/10\/business-01.jpg&#8221; parallax=&#8221;on&#8221; custom_padding=&#8221;27px||90px|||&#8221; global_module=&#8221;2091&#8243; saved_tabs=&#8221;all&#8221; fb_built=&#8221;1&#8243; _i=&#8221;0&#8243; _address=&#8221;2&#8243;][et_pb_row column_structure=&#8221;1_3,2_3&#8243; use_custom_gutter=&#8221;on&#8221; gutter_width=&#8221;2&#8243; make_equal=&#8221;on&#8221; _builder_version=&#8221;3.29.3&#8243; background_size=&#8221;initial&#8221; background_position=&#8221;top_left&#8221; background_repeat=&#8221;repeat&#8221; custom_padding=&#8221;|||&#8221; _i=&#8221;0&#8243; _address=&#8221;2.0&#8243;][et_pb_column type=&#8221;1_3&#8243; _builder_version=&#8221;3.25&#8243; background_color=&#8221;#ffffff&#8221; background_position=&#8221;top_left&#8221; custom_padding=&#8221;50px|40px|50px|40px&#8221; padding_bottom=&#8221;50px&#8221; padding_left=&#8221;40px&#8221; padding_right=&#8221;40px&#8221; padding_top=&#8221;50px&#8221; _i=&#8221;0&#8243; _address=&#8221;2.0.0&#8243; custom_padding__hover=&#8221;|||&#8221;][et_pb_text admin_label=&#8221;Contact US Title&#8221; _builder_version=&#8221;3.29.3&#8243; text_font_size=&#8221;16px&#8221; header_font=&#8221;Montserrat||||&#8221; header_text_color=&#8221;#1f1f1f&#8221; header_font_size=&#8221;22px&#8221; custom_padding=&#8221;0px|0px|0px|0px&#8221; animation_style=&#8221;fold&#8221; animation_direction=&#8221;bottom&#8221; animation_intensity_fold=&#8221;20%&#8221; _i=&#8221;0&#8243; _address=&#8221;2.0.0.0&#8243;]<\/p>\n<h1>Tu nas znajdziesz!<\/h1>\n<p>[\/et_pb_text][et_pb_text admin_label=&#8221;Contact US Text&#8221; _builder_version=&#8221;3.29.3&#8243; text_font_size=&#8221;16px&#8221; text_line_height=&#8221;1.8em&#8221; header_font=&#8221;||||&#8221; header_text_color=&#8221;#1f1f1f&#8221; custom_margin=&#8221;20px||40px|&#8221; custom_padding=&#8221;0px|0px|0px|0px&#8221; animation_style=&#8221;fold&#8221; animation_direction=&#8221;bottom&#8221; animation_intensity_fold=&#8221;20%&#8221; _i=&#8221;1&#8243; _address=&#8221;2.0.0.1&#8243;]<\/p>\n<p>Masz pytania? Jeste\u015bmy do Twojej dypozycji.<\/p>\n<p>[\/et_pb_text][et_pb_blurb use_icon=&#8221;on&#8221; font_icon=&#8221;%%249%%&#8221; icon_color=&#8221;#01346B&#8221; icon_placement=&#8221;left&#8221; use_icon_font_size=&#8221;on&#8221; icon_font_size=&#8221;28px&#8221; icon_font_size_last_edited=&#8221;off|desktop&#8221; admin_label=&#8221;Address&#8221; _builder_version=&#8221;3.29.3&#8243; body_font_size=&#8221;16px&#8221; custom_margin=&#8221;|||&#8221; animation_style=&#8221;fold&#8221; animation_direction=&#8221;bottom&#8221; animation_intensity_fold=&#8221;20%&#8221; _i=&#8221;2&#8243; _address=&#8221;2.0.0.2&#8243;]<\/p>\n<p>Wydawnictwo Nowiny<br \/> ul. Zborowa 4<br \/> 47-400 Racib\u00f3rz<\/p>\n<p>[\/et_pb_blurb][et_pb_blurb use_icon=&#8221;on&#8221; font_icon=&#8221;%%104%%&#8221; icon_color=&#8221;#01346B&#8221; icon_placement=&#8221;left&#8221; use_icon_font_size=&#8221;on&#8221; icon_font_size=&#8221;28px&#8221; icon_font_size_last_edited=&#8221;off|desktop&#8221; _builder_version=&#8221;3.29.3&#8243; body_font_size=&#8221;16px&#8221; custom_margin=&#8221;|||&#8221; animation_style=&#8221;fold&#8221; animation_direction=&#8221;bottom&#8221; animation_intensity_fold=&#8221;20%&#8221; _i=&#8221;3&#8243; _address=&#8221;2.0.0.3&#8243;]<\/p>\n<p>32 415 47 27 w.49<\/p>\n<p>[\/et_pb_blurb][et_pb_blurb use_icon=&#8221;on&#8221; font_icon=&#8221;%%238%%&#8221; icon_color=&#8221;#01346B&#8221; icon_placement=&#8221;left&#8221; use_icon_font_size=&#8221;on&#8221; icon_font_size=&#8221;28px&#8221; icon_font_size_last_edited=&#8221;off|desktop&#8221; admin_label=&#8221;Email&#8221; _builder_version=&#8221;3.29.3&#8243; body_font_size=&#8221;16px&#8221; custom_margin=&#8221;|||&#8221; animation_style=&#8221;fold&#8221; animation_direction=&#8221;bottom&#8221; animation_intensity_fold=&#8221;20%&#8221; link_option_url=&#8221;praca@nowiny.pl&#8221; _i=&#8221;4&#8243; _address=&#8221;2.0.0.4&#8243;]<\/p>\n<p><a href=\"mailto:praca@nowiny.pl\">praca@nowiny.pl<\/a><\/p>\n<p>[\/et_pb_blurb][et_pb_social_media_follow admin_label=&#8221;Facebook&#8221; _builder_version=&#8221;3.29.3&#8243; text_orientation=&#8221;center&#8221; custom_margin=&#8221;|||&#8221; border_radii=&#8221;on|100%|100%|100%|100%&#8221; link_shape=&#8221;circle&#8221; _i=&#8221;5&#8243; _address=&#8221;2.0.0.5&#8243;][et_pb_social_media_follow_network social_network=&#8221;facebook&#8221; url=&#8221;https:\/\/www.facebook.com\/nowiny\/&#8221; _builder_version=&#8221;3.29.3&#8243; background_color=&#8221;#c1c1c1&#8243; custom_margin=&#8221;|10px||&#8221; bg_color=&#8221;#3b5998&#8243; link_shape=&#8221;circle&#8221; follow_button=&#8221;off&#8221; url_new_window=&#8221;on&#8221; _i=&#8221;0&#8243; _address=&#8221;2.0.0.5.0&#8243;]facebook[\/et_pb_social_media_follow_network][\/et_pb_social_media_follow][et_pb_social_media_follow _builder_version=&#8221;3.0.87&#8243; _i=&#8221;6&#8243; _address=&#8221;2.0.0.6&#8243;][\/et_pb_social_media_follow][\/et_pb_column][et_pb_column type=&#8221;2_3&#8243; _builder_version=&#8221;3.25&#8243; background_color=&#8221;#ffffff&#8221; background_position=&#8221;top_left&#8221; custom_padding=&#8221;50px|40px|50px|40px&#8221; padding_bottom=&#8221;50px&#8221; padding_left=&#8221;40px&#8221; padding_right=&#8221;40px&#8221; padding_top=&#8221;50px&#8221; _i=&#8221;1&#8243; _address=&#8221;2.0.1&#8243; custom_padding__hover=&#8221;|||&#8221;][et_pb_contact_form captcha=&#8221;off&#8221; email=&#8221;praca@nowiny.pl&#8221; title=&#8221;Wy\u015blij wiadomo\u015b\u0107&#8221; success_message=&#8221;Dzi\u0119kujemy za wys\u0142anie wiadomo\u015bci. Skontaktuje si\u0119 z Pa\u0144stwem niezw\u0142ocznie pracownik biura og\u0142osze\u0144.&#8221; submit_button_text=&#8221;WY\u015aLIJ&#8221; module_id=&#8221;et_pb_contact_form_1&#8243; _builder_version=&#8221;3.29.3&#8243; form_field_background_color=&#8221;rgba(255,255,255,0)&#8221; title_font=&#8221;||||||||&#8221; title_font_size=&#8221;22px&#8221; background_color=&#8221;#ffffff&#8221; custom_button=&#8221;on&#8221; button_text_size=&#8221;18px&#8221; button_text_color=&#8221;#ffffff&#8221; button_bg_color=&#8221;#01346B&#8221; button_border_width=&#8221;2px&#8221; button_border_color=&#8221;#00457a&#8221; button_border_radius=&#8221;0px&#8221; button_letter_spacing=&#8221;2px&#8221; button_font=&#8221;|||on|||||&#8221; button_use_icon=&#8221;off&#8221; animation_style=&#8221;fold&#8221; animation_direction=&#8221;bottom&#8221; animation_intensity_fold=&#8221;20%&#8221; border_width_all=&#8221;1px&#8221; border_color_all=&#8221;rgba(0,0,0,0.12)&#8221; use_border_color=&#8221;on&#8221; border_color=&#8221;rgba(0,0,0,0.12)&#8221; form_background_color=&#8221;rgba(255,255,255,0)&#8221; button_text_color_hover=&#8221;#6eba01&#8243; button_bg_color_hover=&#8221;rgba(0,0,0,0)&#8221; button_border_color_hover=&#8221;#6eba01&#8243; button_border_radius_hover=&#8221;0px&#8221; button_letter_spacing_hover=&#8221;2px&#8221; _i=&#8221;0&#8243; _address=&#8221;2.0.1.0&#8243; button_bg_enable_color=&#8221;on&#8221;][et_pb_contact_field field_id=&#8221;Imi\u0119&#8221; field_title=&#8221;Imi\u0119 i Nazwisko&#8221; fullwidth_field=&#8221;on&#8221; _builder_version=&#8221;3.29.3&#8243; _i=&#8221;0&#8243; _address=&#8221;2.0.1.0.0&#8243; button_text_size__hover_enabled=&#8221;off&#8221; button_one_text_size__hover_enabled=&#8221;off&#8221; button_two_text_size__hover_enabled=&#8221;off&#8221; button_text_color__hover_enabled=&#8221;off&#8221; button_one_text_color__hover_enabled=&#8221;off&#8221; button_two_text_color__hover_enabled=&#8221;off&#8221; button_border_width__hover_enabled=&#8221;off&#8221; button_one_border_width__hover_enabled=&#8221;off&#8221; button_two_border_width__hover_enabled=&#8221;off&#8221; button_border_color__hover_enabled=&#8221;off&#8221; button_one_border_color__hover_enabled=&#8221;off&#8221; button_two_border_color__hover_enabled=&#8221;off&#8221; button_border_radius__hover_enabled=&#8221;off&#8221; button_one_border_radius__hover_enabled=&#8221;off&#8221; button_two_border_radius__hover_enabled=&#8221;off&#8221; button_letter_spacing__hover_enabled=&#8221;off&#8221; button_one_letter_spacing__hover_enabled=&#8221;off&#8221; button_two_letter_spacing__hover_enabled=&#8221;off&#8221; button_bg_color__hover_enabled=&#8221;off&#8221; button_one_bg_color__hover_enabled=&#8221;off&#8221; button_two_bg_color__hover_enabled=&#8221;off&#8221;][\/et_pb_contact_field][et_pb_contact_field field_id=&#8221;FIrma&#8221; field_title=&#8221;Firma&#8221; required_mark=&#8221;off&#8221; fullwidth_field=&#8221;on&#8221; _builder_version=&#8221;3.29.3&#8243; _i=&#8221;1&#8243; _address=&#8221;2.0.1.0.1&#8243;][\/et_pb_contact_field][et_pb_contact_field field_id=&#8221;E-mail&#8221; field_title=&#8221;Adres e-mail&#8221; field_type=&#8221;email&#8221; fullwidth_field=&#8221;on&#8221; _builder_version=&#8221;3.29.3&#8243; _i=&#8221;2&#8243; _address=&#8221;2.0.1.0.2&#8243;][\/et_pb_contact_field][et_pb_contact_field field_id=&#8221;Tre\u015b\u0107_Wiadomo\u015bci&#8221; field_title=&#8221;Tre\u015b\u0107 Wiadomo\u015bci&#8221; field_type=&#8221;text&#8221; fullwidth_field=&#8221;on&#8221; _builder_version=&#8221;3.29.3&#8243; _i=&#8221;3&#8243; _address=&#8221;2.0.1.0.3&#8243; button_text_size__hover_enabled=&#8221;off&#8221; button_one_text_size__hover_enabled=&#8221;off&#8221; button_two_text_size__hover_enabled=&#8221;off&#8221; button_text_color__hover_enabled=&#8221;off&#8221; button_one_text_color__hover_enabled=&#8221;off&#8221; button_two_text_color__hover_enabled=&#8221;off&#8221; button_border_width__hover_enabled=&#8221;off&#8221; button_one_border_width__hover_enabled=&#8221;off&#8221; button_two_border_width__hover_enabled=&#8221;off&#8221; button_border_color__hover_enabled=&#8221;off&#8221; button_one_border_color__hover_enabled=&#8221;off&#8221; button_two_border_color__hover_enabled=&#8221;off&#8221; button_border_radius__hover_enabled=&#8221;off&#8221; button_one_border_radius__hover_enabled=&#8221;off&#8221; button_two_border_radius__hover_enabled=&#8221;off&#8221; button_letter_spacing__hover_enabled=&#8221;off&#8221; button_one_letter_spacing__hover_enabled=&#8221;off&#8221; button_two_letter_spacing__hover_enabled=&#8221;off&#8221; button_bg_color__hover_enabled=&#8221;off&#8221; button_one_bg_color__hover_enabled=&#8221;off&#8221; button_two_bg_color__hover_enabled=&#8221;off&#8221;][\/et_pb_contact_field][\/et_pb_contact_form][\/et_pb_column][\/et_pb_row][\/et_pb_section]<\/p>\n","protected":false},"excerpt":{"rendered":"<p>\u00a0Masz pytania? Tutaj znajdziesz odpowiedzi.Jest to niezb\u0119dne aby\u015b m\u00f3g\u0142 w pe\u0142ni korzysta\u0107 z zasob\u00f3w serwisu praca.nowiny.pl. Tylko zarejestrowani u\u017cytkownicy maj\u0105 mo\u017cliwo\u015b\u0107 aplikowania na zamieszczone w serwisie oferty pracy. Rejestracja jest bardzo \u0142atwa i bezpieczna. Bez rejestracji mo\u017cesz swobodnie przegl\u0105da\u0107 zamieszczone w serwisie oferty pracy.W celu zarejestrowania nowego konta u\u017cytkownika musisz wype\u0142ni\u0107 odpowiedni formularz dla \u00a0os\u00f3b [&hellip;]<\/p>\n","protected":false},"author":3,"featured_media":0,"parent":0,"menu_order":0,"comment_status":"closed","ping_status":"closed","template":"","meta":{"_et_pb_use_builder":"on","_et_pb_old_content":"","_et_gb_content_width":"","footnotes":""},"class_list":["post-1920","page","type-page","status-publish","hentry"],"_links":{"self":[{"href":"https:\/\/praca.nowiny.pl\/news\/wp-json\/wp\/v2\/pages\/1920","targetHints":{"allow":["GET"]}}],"collection":[{"href":"https:\/\/praca.nowiny.pl\/news\/wp-json\/wp\/v2\/pages"}],"about":[{"href":"https:\/\/praca.nowiny.pl\/news\/wp-json\/wp\/v2\/types\/page"}],"author":[{"embeddable":true,"href":"https:\/\/praca.nowiny.pl\/news\/wp-json\/wp\/v2\/users\/3"}],"replies":[{"embeddable":true,"href":"https:\/\/praca.nowiny.pl\/news\/wp-json\/wp\/v2\/comments?post=1920"}],"version-history":[{"count":28,"href":"https:\/\/praca.nowiny.pl\/news\/wp-json\/wp\/v2\/pages\/1920\/revisions"}],"predecessor-version":[{"id":2618,"href":"https:\/\/praca.nowiny.pl\/news\/wp-json\/wp\/v2\/pages\/1920\/revisions\/2618"}],"wp:attachment":[{"href":"https:\/\/praca.nowiny.pl\/news\/wp-json\/wp\/v2\/media?parent=1920"}],"curies":[{"name":"wp","href":"https:\/\/api.w.org\/{rel}","templated":true}]}}