{"id":2318,"date":"2019-10-26T23:21:49","date_gmt":"2019-10-26T23:21:49","guid":{"rendered":"https:\/\/dev.praca.nowiny.pl\/news\/?page_id=2318"},"modified":"2020-02-24T12:57:04","modified_gmt":"2020-02-24T12:57:04","slug":"o-nas","status":"publish","type":"page","link":"https:\/\/praca.nowiny.pl\/news\/o-nas\/","title":{"rendered":"O nas"},"content":{"rendered":"<p>[et_pb_section fb_built=&#8221;1&#8243; _builder_version=&#8221;3.29.3&#8243; fb_built=&#8221;1&#8243; _i=&#8221;0&#8243; _address=&#8221;0&#8243;][et_pb_row column_structure=&#8221;1_2,1_2&#8243; use_custom_gutter=&#8221;on&#8221; gutter_width=&#8221;1&#8243; make_equal=&#8221;on&#8221; module_class=&#8221; et_pb_row_fullwidth&#8221; _builder_version=&#8221;3.29.3&#8243; background_size=&#8221;initial&#8221; background_position=&#8221;top_left&#8221; background_repeat=&#8221;repeat&#8221; width=&#8221;100%&#8221; width_tablet=&#8221;100%&#8221; width_last_edited=&#8221;on|desktop&#8221; max_width=&#8221;100%&#8221; max_width_tablet=&#8221;100%&#8221; max_width_last_edited=&#8221;on|desktop&#8221; custom_margin=&#8221;0px||0px|&#8221; custom_padding=&#8221;0px||0px|&#8221; animation_style=&#8221;flip&#8221; animation_direction=&#8221;right&#8221; animation_intensity_flip=&#8221;20%&#8221; make_fullwidth=&#8221;on&#8221; global_module=&#8221;2111&#8243; _i=&#8221;0&#8243; _address=&#8221;0.0&#8243;][et_pb_column type=&#8221;1_2&#8243; _builder_version=&#8221;3.29.3&#8243; use_background_color_gradient=&#8221;on&#8221; background_image=&#8221;https:\/\/praca.nowiny.pl\/news\/wp-content\/uploads\/2019\/11\/16028_t\u0142o_3.jpg&#8221; background_position=&#8221;top_center&#8221; custom_padding=&#8221;|||&#8221; bg_img=&#8221;https:\/\/praca.nowiny.pl\/news\/wp-content\/uploads\/2019\/10\/business_02.jpg&#8221; _i=&#8221;0&#8243; _address=&#8221;0.0.0&#8243; custom_padding__hover=&#8221;|||&#8221;][\/et_pb_column][et_pb_column type=&#8221;1_2&#8243; _builder_version=&#8221;3.25&#8243; background_position=&#8221;top_left&#8221; custom_padding=&#8221;8%|6%|8%|6%&#8221; padding_bottom=&#8221;8%&#8221; padding_left=&#8221;6%&#8221; padding_right=&#8221;6%&#8221; padding_top=&#8221;8%&#8221; _i=&#8221;1&#8243; _address=&#8221;0.0.1&#8243; custom_padding__hover=&#8221;|||&#8221;][et_pb_divider color=&#8221;#4e5ed0&#8243; divider_weight=&#8221;3px&#8221; disabled_on=&#8221;off|off|off&#8221; _builder_version=&#8221;3.2&#8243; background_color_gradient_direction=&#8221;90deg&#8221; max_width=&#8221;100px&#8221; module_alignment=&#8221;left&#8221; height=&#8221;5px&#8221; custom_margin=&#8221;||20px|&#8221; custom_padding=&#8221;||20px|&#8221; animation_style=&#8221;slide&#8221; animation_direction=&#8221;bottom&#8221; locked=&#8221;off&#8221; _i=&#8221;0&#8243; _address=&#8221;0.0.1.0&#8243;][\/et_pb_divider][et_pb_cta title=&#8221;O nas. Tu znajdziesz dobr\u0105 prac\u0119 i pracownik\u00f3w.&#8221; button_url=&#8221;https:\/\/praca.nowiny.pl\/news\/oferta\/&#8221; button_text=&#8221;ZOBACZ CENNIK&#8221; admin_label=&#8221;Feature 01&#8243; _builder_version=&#8221;3.29.3&#8243; header_font=&#8221;||||||||&#8221; header_text_color=&#8221;#1f1f1f&#8221; header_font_size=&#8221;36&#8243; header_line_height=&#8221;1.4em&#8221; body_font_size=&#8221;16&#8243; body_line_height=&#8221;1.9em&#8221; use_background_color=&#8221;off&#8221; custom_button=&#8221;on&#8221; button_text_size=&#8221;18&#8243; button_text_color=&#8221;#ffffff&#8221; button_bg_color=&#8221;#E42216&#8243; button_border_width=&#8221;0px&#8221; button_border_color=&#8221;#E42216&#8243; button_border_radius=&#8221;5px&#8221; button_letter_spacing=&#8221;2&#8243; button_font=&#8221;|||on|||||&#8221; button_use_icon=&#8221;off&#8221; text_orientation=&#8221;left&#8221; background_layout=&#8221;light&#8221; max_width=&#8221;450px&#8221; module_alignment=&#8221;left&#8221; custom_margin=&#8221;|||&#8221; custom_padding=&#8221;|||&#8221; animation_style=&#8221;fold&#8221; animation_direction=&#8221;bottom&#8221; animation_intensity_fold=&#8221;15%&#8221; button_text_color_hover=&#8221;#6eba01&#8243; button_border_color_hover=&#8221;#6eba01&#8243; button_border_radius_hover=&#8221;0&#8243; button_letter_spacing_hover=&#8221;2&#8243; button_bg_color_hover=&#8221;rgba(0,0,0,0)&#8221; locked=&#8221;off&#8221; _i=&#8221;1&#8243; _address=&#8221;0.0.1.1&#8243; button_text_size__hover_enabled=&#8221;off&#8221; button_one_text_size__hover_enabled=&#8221;off&#8221; button_two_text_size__hover_enabled=&#8221;off&#8221; button_text_color__hover_enabled=&#8221;on|hover&#8221; button_text_color__hover=&#8221;#ffffff&#8221; button_one_text_color__hover_enabled=&#8221;off&#8221; button_two_text_color__hover_enabled=&#8221;off&#8221; button_border_width__hover_enabled=&#8221;off&#8221; button_one_border_width__hover_enabled=&#8221;off&#8221; button_two_border_width__hover_enabled=&#8221;off&#8221; button_border_color__hover_enabled=&#8221;on&#8221; button_border_color__hover=&#8221;#6eba01&#8243; button_one_border_color__hover_enabled=&#8221;off&#8221; button_two_border_color__hover_enabled=&#8221;off&#8221; button_border_radius__hover_enabled=&#8221;on&#8221; button_border_radius__hover=&#8221;0&#8243; button_one_border_radius__hover_enabled=&#8221;off&#8221; button_two_border_radius__hover_enabled=&#8221;off&#8221; button_letter_spacing__hover_enabled=&#8221;on&#8221; button_letter_spacing__hover=&#8221;2&#8243; button_one_letter_spacing__hover_enabled=&#8221;off&#8221; button_two_letter_spacing__hover_enabled=&#8221;off&#8221; button_bg_color__hover_enabled=&#8221;on&#8221; button_bg_color__hover=&#8221;#E42216&#8243; button_one_bg_color__hover_enabled=&#8221;off&#8221; button_two_bg_color__hover_enabled=&#8221;off&#8221; button_bg_enable_color=&#8221;on&#8221; button_bg_enable_color__hover=&#8221;on&#8221;]<\/p>\n<p><strong>Praca.nowiny.pl<\/strong> to nowoczesny, regionalny serwis rekrutacyjny dzia\u0142aj\u0105cy na rynku pracy subregionu zachodniego wojew\u00f3dztwa \u015bl\u0105skiego (Racib\u00f3rz, Wodzis\u0142aw \u015al\u0105ski, Rybnik, Jastrz\u0119bie-Zdr\u00f3j, \u017bory), a tak\u017ce Gliwic i K\u0119dzierzyna-Ko\u017ala. Region ten zamieszkuje ok. 1 mln mieszka\u0144c\u00f3w.<\/p>\n<p>Serwis praca.nowiny.pl wykorzystuje potencja\u0142 ogl\u0105dalno\u015bciowy i promocyjny portalu Nowiny.pl \u2013 najlepszego\u00a0 lokalnego portalu internetowego w Polsce w konkursie SGL Local Press 2016. Aktualna miesi\u0119czna ogl\u0105dalno\u015b\u0107 portalu Nowiny.pl to ok. 5 mln ods\u0142on, ok. 1 mln wizyt i 350-400 tys. unikalnych u\u017cytkownik\u00f3w, co przek\u0142ada si\u0119 bezpo\u015brednio tak\u017ce na du\u017cy zasi\u0119g serwisu praca.nowiny.pl.<\/p>\n<p><strong>W serwisie zamieszczamy aktualne og\u0142oszenia o prac\u0119 firm z ca\u0142ego regionu oraz wizyt\u00f3wki polecanych pracodawc\u00f3w. \u00a0<\/strong>Publikujemy tu r\u00f3wnie\u017c m.in. aktualno\u015bci z regionalnego rynku pracy, porady dla poszukuj\u0105cych pracy, porady z zakresu prawa pracy i ubezpiecze\u0144 spo\u0142ecznych, dzi\u0119ki czemu nasz serwis jest aktualnym i wiarygodnym \u017ar\u00f3d\u0142em u\u017cytecznej wiedzy.<\/p>\n<p><strong>Wsp\u00f3\u0142praca<\/strong><\/p>\n<p>Zapraszamy do sta\u0142ej wsp\u00f3\u0142pracy<strong> firmy, agencje pracy i instytucje<\/strong>, kt\u00f3re poszukuj\u0105 pracownik\u00f3w na naszym rynku i chc\u0105 budowa\u0107 wizerunek atrakcyjnych i godnych zaufania pracodawc\u00f3w. W naszej ofercie dost\u0119pna jest publikacja og\u0142osze\u0144 w serwisie praca.nowiny.pl, ale dysponujemy r\u00f3wnie\u017c innymi kana\u0142ami reklamowymi, np. portal Nowiny.pl, Facebook, ekrany LED, lokalne gazety \u2013 Nowiny Raciborskie, Nowiny Wodzis\u0142awskie i Magazyn Rybnicki.<\/p>\n<p>Realizujemy r\u00f3wnie\u017c kampanie reklamowe i oferujemy dotarcie do konkretnej grupy docelowej poprzez reklam\u0119 banerow\u0105 i publikacj\u0119 artyku\u0142\u00f3w eksperckich\/sponsorowanych w serwisie praca.nowiny.pl i nowiny.pl oraz na profilu nowiny.pl na Facebooku.<\/p>\n<p>Zapraszamy do kontaktu nie tylko w sprawie zamieszczenia ofert pracy, reklam czy artyku\u0142\u00f3w, ale tak\u017ce innych, niestandardowych form informacji i promocji. Zapraszamy m.in. do udzia\u0142u w organizowanych przez nas spo\u0142ecznych projektach i eventach dotycz\u0105cych rynku pracy, pracownik\u00f3w i pracodawc\u00f3w (eventy CSR).<\/p>\n<p>Zapraszamy do wsp\u00f3\u0142pracy!<\/p>\n<p>[\/et_pb_cta][\/et_pb_column][\/et_pb_row][\/et_pb_section][et_pb_section fb_built=&#8221;1&#8243; _builder_version=&#8221;3.29.3&#8243;][et_pb_row _builder_version=&#8221;3.29.3&#8243;][et_pb_column _builder_version=&#8221;3.29.3&#8243; type=&#8221;4_4&#8243;][et_pb_image src=&#8221;https:\/\/praca.nowiny.pl\/news\/wp-content\/uploads\/2020\/02\/jobsora_praca.jpg&#8221; _builder_version=&#8221;3.29.3&#8243; align=&#8221;center&#8221; url=&#8221;https:\/\/pl.jobsora.com\/&#8221; hover_enabled=&#8221;0&#8243; width=&#8221;100%&#8221; max_width=&#8221;17%&#8221;][\/et_pb_image][\/et_pb_column][\/et_pb_row][\/et_pb_section]<\/p>\n","protected":false},"excerpt":{"rendered":"<p>Praca.nowiny.pl to nowoczesny, regionalny serwis rekrutacyjny dzia\u0142aj\u0105cy na rynku pracy subregionu zachodniego wojew\u00f3dztwa \u015bl\u0105skiego (Racib\u00f3rz, Wodzis\u0142aw \u015al\u0105ski, Rybnik, Jastrz\u0119bie-Zdr\u00f3j, \u017bory), a tak\u017ce Gliwic i K\u0119dzierzyna-Ko\u017ala. Region ten zamieszkuje ok. 1 mln mieszka\u0144c\u00f3w. Serwis praca.nowiny.pl wykorzystuje potencja\u0142 ogl\u0105dalno\u015bciowy i promocyjny portalu Nowiny.pl \u2013 najlepszego\u00a0 lokalnego portalu internetowego w Polsce w konkursie SGL Local Press 2016. Aktualna [&hellip;]<\/p>\n","protected":false},"author":3,"featured_media":0,"parent":0,"menu_order":0,"comment_status":"closed","ping_status":"closed","template":"","meta":{"_et_pb_use_builder":"on","_et_pb_old_content":"","_et_gb_content_width":"","footnotes":""},"class_list":["post-2318","page","type-page","status-publish","hentry"],"_links":{"self":[{"href":"https:\/\/praca.nowiny.pl\/news\/wp-json\/wp\/v2\/pages\/2318","targetHints":{"allow":["GET"]}}],"collection":[{"href":"https:\/\/praca.nowiny.pl\/news\/wp-json\/wp\/v2\/pages"}],"about":[{"href":"https:\/\/praca.nowiny.pl\/news\/wp-json\/wp\/v2\/types\/page"}],"author":[{"embeddable":true,"href":"https:\/\/praca.nowiny.pl\/news\/wp-json\/wp\/v2\/users\/3"}],"replies":[{"embeddable":true,"href":"https:\/\/praca.nowiny.pl\/news\/wp-json\/wp\/v2\/comments?post=2318"}],"version-history":[{"count":11,"href":"https:\/\/praca.nowiny.pl\/news\/wp-json\/wp\/v2\/pages\/2318\/revisions"}],"predecessor-version":[{"id":3151,"href":"https:\/\/praca.nowiny.pl\/news\/wp-json\/wp\/v2\/pages\/2318\/revisions\/3151"}],"wp:attachment":[{"href":"https:\/\/praca.nowiny.pl\/news\/wp-json\/wp\/v2\/media?parent=2318"}],"curies":[{"name":"wp","href":"https:\/\/api.w.org\/{rel}","templated":true}]}}